{"id":1530,"date":"2021-03-29T13:03:48","date_gmt":"2021-03-29T12:03:48","guid":{"rendered":"https:\/\/psychosynthese.fr\/?page_id=1530"},"modified":"2024-04-18T16:05:13","modified_gmt":"2024-04-18T15:05:13","slug":"activites-decouverte-ateliers-developpement-personnel","status":"publish","type":"page","link":"https:\/\/psychosynthese.fr\/index.php\/activites-decouverte-ateliers-developpement-personnel\/","title":{"rendered":"Activit\u00e9s"},"content":{"rendered":"<p>Tout au long de l\u2019ann\u00e9e, l\u2019IFP propose de nombreuses activit\u00e9s telles que des journ\u00e9es de d\u00e9couverte \u00e0 la psychosynth\u00e8se et des ateliers de d\u00e9veloppement personnel, qui permettent au public de d\u00e9couvrir la psychosynth\u00e8se. Ces ateliers sont construits autour de th\u00e8mes sp\u00e9cifiques (la r\u00e9solution de conflit, l\u2019adaptation au changement, transformer ses d\u00e9fauts en qualit\u00e9s, l\u2019estime de soi, le couple, la relation parent-enfant\u2026) et prennent des formes vari\u00e9es, adapt\u00e9es aux th\u00e8mes par le formateur. Ce peuvent \u00eatre des sessions de m\u00e9ditation guid\u00e9e, [ins\u00e9rer autres exemples d\u2019exercices].<\/p>\n<p>Des conf\u00e9rences sont \u00e9galement propos\u00e9es r\u00e9guli\u00e8rement, afin d\u2019approfondir des sujets gr\u00e2ce \u00e0 la vision d\u2019un psychosynth\u00e9tiste professionnel.<\/p>\n<p>L\u2019Institut est \u00e9galement en mesure de proposer des th\u00e9rapies individuelles, sur rendez-vous, pour vous aider \u00e0 surmonter les difficult\u00e9s que vous pouvez rencontrer.<\/p>\n<p>L\u2019Institut supervise \u00e9galement la parution d\u2019une revue d\u00e9di\u00e9e \u00e0 la psychosynth\u00e8se. Dirig\u00e9e par [ins\u00e9rer le nom du directeur\/de la directrice de revue et son titre le cas \u00e9ch\u00e9ant], elle propose des articles de praticiens en psychologie et psychosynth\u00e8se, des exp\u00e9riences, des t\u00e9moignages et des techniques.<\/p>\n","protected":false},"excerpt":{"rendered":"<p>Tout au long de l\u2019ann\u00e9e, l\u2019IFP propose de nombreuses activit\u00e9s telles que des journ\u00e9es de d\u00e9couverte \u00e0 la psychosynth\u00e8se et des ateliers de d\u00e9veloppement personnel, qui permettent au public de d\u00e9couvrir la psychosynth\u00e8se. Ces ateliers sont construits autour de th\u00e8mes sp\u00e9cifiques (la r\u00e9solution de conflit, l\u2019adaptation au changement, transformer ses d\u00e9fauts en qualit\u00e9s, l\u2019estime de [&hellip;]<\/p>\n","protected":false},"author":1,"featured_media":0,"parent":0,"menu_order":4,"comment_status":"closed","ping_status":"closed","template":"","meta":{"_monsterinsights_skip_tracking":false,"_monsterinsights_sitenote_active":false,"_monsterinsights_sitenote_note":"","_monsterinsights_sitenote_category":0,"_uf_show_specific_survey":0,"_uf_disable_surveys":false,"footnotes":""},"class_list":["post-1530","page","type-page","status-publish","czr-hentry"],"yoast_head":"<!-- This site is optimized with the Yoast SEO plugin v24.6 - https:\/\/yoast.com\/wordpress\/plugins\/seo\/ -->\n<title>Activit\u00e9s - Institut Fran\u00e7ais de Psychosynth\u00e8se<\/title>\n<meta name=\"description\" content=\"Tout au long de l\u2019ann\u00e9e, l\u2019IFP propose des activit\u00e9s telles que des journ\u00e9es de d\u00e9couverte \u00e0 la psychosynth\u00e8se et des ateliers de d\u00e9veloppement personnel.\" \/>\n<meta name=\"robots\" content=\"index, follow, max-snippet:-1, max-image-preview:large, max-video-preview:-1\" \/>\n<link rel=\"canonical\" href=\"https:\/\/psychosynthese.fr\/index.php\/activites-decouverte-ateliers-developpement-personnel\/\" \/>\n<meta property=\"og:locale\" content=\"fr_FR\" \/>\n<meta property=\"og:type\" content=\"article\" \/>\n<meta property=\"og:title\" content=\"Activit\u00e9s - Institut Fran\u00e7ais de Psychosynth\u00e8se\" \/>\n<meta property=\"og:description\" content=\"Tout au long de l\u2019ann\u00e9e, l\u2019IFP propose des activit\u00e9s telles que des journ\u00e9es de d\u00e9couverte \u00e0 la psychosynth\u00e8se et des ateliers de d\u00e9veloppement personnel.\" \/>\n<meta property=\"og:url\" content=\"https:\/\/psychosynthese.fr\/index.php\/activites-decouverte-ateliers-developpement-personnel\/\" \/>\n<meta property=\"og:site_name\" content=\"Institut Fran\u00e7ais de Psychosynth\u00e8se\" \/>\n<meta property=\"article:publisher\" content=\"https:\/\/www.facebook.com\/ifp.paris\" \/>\n<meta property=\"article:modified_time\" content=\"2024-04-18T15:05:13+00:00\" \/>\n<meta property=\"og:image\" content=\"https:\/\/psychosynthese.fr\/wp-content\/uploads\/2017\/03\/cropped-banniereifp03172.png\" \/>\n\t<meta property=\"og:image:width\" content=\"799\" \/>\n\t<meta property=\"og:image:height\" content=\"95\" \/>\n\t<meta property=\"og:image:type\" content=\"image\/png\" \/>\n<meta name=\"twitter:card\" content=\"summary_large_image\" \/>\n<meta name=\"twitter:label1\" content=\"Dur\u00e9e de lecture estim\u00e9e\" \/>\n\t<meta name=\"twitter:data1\" content=\"1 minute\" \/>\n<script type=\"application\/ld+json\" class=\"yoast-schema-graph\">{\"@context\":\"https:\/\/schema.org\",\"@graph\":[{\"@type\":\"WebPage\",\"@id\":\"https:\/\/psychosynthese.fr\/index.php\/activites-decouverte-ateliers-developpement-personnel\/\",\"url\":\"https:\/\/psychosynthese.fr\/index.php\/activites-decouverte-ateliers-developpement-personnel\/\",\"name\":\"Activit\u00e9s - Institut Fran\u00e7ais de Psychosynth\u00e8se\",\"isPartOf\":{\"@id\":\"https:\/\/psychosynthese.fr\/#website\"},\"datePublished\":\"2021-03-29T12:03:48+00:00\",\"dateModified\":\"2024-04-18T15:05:13+00:00\",\"description\":\"Tout au long de l\u2019ann\u00e9e, l\u2019IFP propose des activit\u00e9s telles que des journ\u00e9es de d\u00e9couverte \u00e0 la psychosynth\u00e8se et des ateliers de d\u00e9veloppement personnel.\",\"breadcrumb\":{\"@id\":\"https:\/\/psychosynthese.fr\/index.php\/activites-decouverte-ateliers-developpement-personnel\/#breadcrumb\"},\"inLanguage\":\"fr-FR\",\"potentialAction\":[{\"@type\":\"ReadAction\",\"target\":[\"https:\/\/psychosynthese.fr\/index.php\/activites-decouverte-ateliers-developpement-personnel\/\"]}]},{\"@type\":\"BreadcrumbList\",\"@id\":\"https:\/\/psychosynthese.fr\/index.php\/activites-decouverte-ateliers-developpement-personnel\/#breadcrumb\",\"itemListElement\":[{\"@type\":\"ListItem\",\"position\":1,\"name\":\"Accueil\",\"item\":\"https:\/\/psychosynthese.fr\/\"},{\"@type\":\"ListItem\",\"position\":2,\"name\":\"Activit\u00e9s\"}]},{\"@type\":\"WebSite\",\"@id\":\"https:\/\/psychosynthese.fr\/#website\",\"url\":\"https:\/\/psychosynthese.fr\/\",\"name\":\"Institut Fran\u00e7ais de Psychosynth\u00e8se\",\"description\":\"Formation en psychosynth\u00e8se\",\"publisher\":{\"@id\":\"https:\/\/psychosynthese.fr\/#organization\"},\"alternateName\":\"IFP\",\"potentialAction\":[{\"@type\":\"SearchAction\",\"target\":{\"@type\":\"EntryPoint\",\"urlTemplate\":\"https:\/\/psychosynthese.fr\/?s={search_term_string}\"},\"query-input\":{\"@type\":\"PropertyValueSpecification\",\"valueRequired\":true,\"valueName\":\"search_term_string\"}}],\"inLanguage\":\"fr-FR\"},{\"@type\":\"Organization\",\"@id\":\"https:\/\/psychosynthese.fr\/#organization\",\"name\":\"Institut Fran\u00e7ais de Psychosynth\u00e8se\",\"url\":\"https:\/\/psychosynthese.fr\/\",\"logo\":{\"@type\":\"ImageObject\",\"inLanguage\":\"fr-FR\",\"@id\":\"https:\/\/psychosynthese.fr\/#\/schema\/logo\/image\/\",\"url\":\"https:\/\/psychosynthese.fr\/wp-content\/uploads\/2017\/03\/cropped-cropped-logo-ifp-155.jpg\",\"contentUrl\":\"https:\/\/psychosynthese.fr\/wp-content\/uploads\/2017\/03\/cropped-cropped-logo-ifp-155.jpg\",\"width\":135,\"height\":135,\"caption\":\"Institut Fran\u00e7ais de Psychosynth\u00e8se\"},\"image\":{\"@id\":\"https:\/\/psychosynthese.fr\/#\/schema\/logo\/image\/\"},\"sameAs\":[\"https:\/\/www.facebook.com\/ifp.paris\",\"https:\/\/www.youtube.com\/channel\/UCKmHyF5IEF9hQ_UI4mmbYgw\"]}]}<\/script>\n<!-- \/ Yoast SEO plugin. -->","yoast_head_json":{"title":"Activit\u00e9s - Institut Fran\u00e7ais de Psychosynth\u00e8se","description":"Tout au long de l\u2019ann\u00e9e, l\u2019IFP propose des activit\u00e9s telles que des journ\u00e9es de d\u00e9couverte \u00e0 la psychosynth\u00e8se et des ateliers de d\u00e9veloppement personnel.","robots":{"index":"index","follow":"follow","max-snippet":"max-snippet:-1","max-image-preview":"max-image-preview:large","max-video-preview":"max-video-preview:-1"},"canonical":"https:\/\/psychosynthese.fr\/index.php\/activites-decouverte-ateliers-developpement-personnel\/","og_locale":"fr_FR","og_type":"article","og_title":"Activit\u00e9s - Institut Fran\u00e7ais de Psychosynth\u00e8se","og_description":"Tout au long de l\u2019ann\u00e9e, l\u2019IFP propose des activit\u00e9s telles que des journ\u00e9es de d\u00e9couverte \u00e0 la psychosynth\u00e8se et des ateliers de d\u00e9veloppement personnel.","og_url":"https:\/\/psychosynthese.fr\/index.php\/activites-decouverte-ateliers-developpement-personnel\/","og_site_name":"Institut Fran\u00e7ais de Psychosynth\u00e8se","article_publisher":"https:\/\/www.facebook.com\/ifp.paris","article_modified_time":"2024-04-18T15:05:13+00:00","og_image":[{"width":799,"height":95,"url":"https:\/\/psychosynthese.fr\/wp-content\/uploads\/2017\/03\/cropped-banniereifp03172.png","type":"image\/png"}],"twitter_card":"summary_large_image","twitter_misc":{"Dur\u00e9e de lecture estim\u00e9e":"1 minute"},"schema":{"@context":"https:\/\/schema.org","@graph":[{"@type":"WebPage","@id":"https:\/\/psychosynthese.fr\/index.php\/activites-decouverte-ateliers-developpement-personnel\/","url":"https:\/\/psychosynthese.fr\/index.php\/activites-decouverte-ateliers-developpement-personnel\/","name":"Activit\u00e9s - Institut Fran\u00e7ais de Psychosynth\u00e8se","isPartOf":{"@id":"https:\/\/psychosynthese.fr\/#website"},"datePublished":"2021-03-29T12:03:48+00:00","dateModified":"2024-04-18T15:05:13+00:00","description":"Tout au long de l\u2019ann\u00e9e, l\u2019IFP propose des activit\u00e9s telles que des journ\u00e9es de d\u00e9couverte \u00e0 la psychosynth\u00e8se et des ateliers de d\u00e9veloppement personnel.","breadcrumb":{"@id":"https:\/\/psychosynthese.fr\/index.php\/activites-decouverte-ateliers-developpement-personnel\/#breadcrumb"},"inLanguage":"fr-FR","potentialAction":[{"@type":"ReadAction","target":["https:\/\/psychosynthese.fr\/index.php\/activites-decouverte-ateliers-developpement-personnel\/"]}]},{"@type":"BreadcrumbList","@id":"https:\/\/psychosynthese.fr\/index.php\/activites-decouverte-ateliers-developpement-personnel\/#breadcrumb","itemListElement":[{"@type":"ListItem","position":1,"name":"Accueil","item":"https:\/\/psychosynthese.fr\/"},{"@type":"ListItem","position":2,"name":"Activit\u00e9s"}]},{"@type":"WebSite","@id":"https:\/\/psychosynthese.fr\/#website","url":"https:\/\/psychosynthese.fr\/","name":"Institut Fran\u00e7ais de Psychosynth\u00e8se","description":"Formation en psychosynth\u00e8se","publisher":{"@id":"https:\/\/psychosynthese.fr\/#organization"},"alternateName":"IFP","potentialAction":[{"@type":"SearchAction","target":{"@type":"EntryPoint","urlTemplate":"https:\/\/psychosynthese.fr\/?s={search_term_string}"},"query-input":{"@type":"PropertyValueSpecification","valueRequired":true,"valueName":"search_term_string"}}],"inLanguage":"fr-FR"},{"@type":"Organization","@id":"https:\/\/psychosynthese.fr\/#organization","name":"Institut Fran\u00e7ais de Psychosynth\u00e8se","url":"https:\/\/psychosynthese.fr\/","logo":{"@type":"ImageObject","inLanguage":"fr-FR","@id":"https:\/\/psychosynthese.fr\/#\/schema\/logo\/image\/","url":"https:\/\/psychosynthese.fr\/wp-content\/uploads\/2017\/03\/cropped-cropped-logo-ifp-155.jpg","contentUrl":"https:\/\/psychosynthese.fr\/wp-content\/uploads\/2017\/03\/cropped-cropped-logo-ifp-155.jpg","width":135,"height":135,"caption":"Institut Fran\u00e7ais de Psychosynth\u00e8se"},"image":{"@id":"https:\/\/psychosynthese.fr\/#\/schema\/logo\/image\/"},"sameAs":["https:\/\/www.facebook.com\/ifp.paris","https:\/\/www.youtube.com\/channel\/UCKmHyF5IEF9hQ_UI4mmbYgw"]}]}},"_links":{"self":[{"href":"https:\/\/psychosynthese.fr\/index.php\/wp-json\/wp\/v2\/pages\/1530","targetHints":{"allow":["GET"]}}],"collection":[{"href":"https:\/\/psychosynthese.fr\/index.php\/wp-json\/wp\/v2\/pages"}],"about":[{"href":"https:\/\/psychosynthese.fr\/index.php\/wp-json\/wp\/v2\/types\/page"}],"author":[{"embeddable":true,"href":"https:\/\/psychosynthese.fr\/index.php\/wp-json\/wp\/v2\/users\/1"}],"replies":[{"embeddable":true,"href":"https:\/\/psychosynthese.fr\/index.php\/wp-json\/wp\/v2\/comments?post=1530"}],"version-history":[{"count":2,"href":"https:\/\/psychosynthese.fr\/index.php\/wp-json\/wp\/v2\/pages\/1530\/revisions"}],"predecessor-version":[{"id":1586,"href":"https:\/\/psychosynthese.fr\/index.php\/wp-json\/wp\/v2\/pages\/1530\/revisions\/1586"}],"wp:attachment":[{"href":"https:\/\/psychosynthese.fr\/index.php\/wp-json\/wp\/v2\/media?parent=1530"}],"curies":[{"name":"wp","href":"https:\/\/api.w.org\/{rel}","templated":true}]}}