{"id":1556,"date":"2021-03-29T14:28:59","date_gmt":"2021-03-29T13:28:59","guid":{"rendered":"https:\/\/psychosynthese.fr\/?page_id=1556"},"modified":"2021-07-23T10:42:11","modified_gmt":"2021-07-23T09:42:11","slug":"origines-de-linstitut","status":"publish","type":"page","link":"https:\/\/psychosynthese.fr\/index.php\/qui-sommes-nous\/origines-de-linstitut\/","title":{"rendered":"L&rsquo;Institut Fran\u00e7ais de Psychosynth\u00e8se"},"content":{"rendered":"\n<h2 class=\"wp-block-heading\">Qui sommes-nous ?<\/h2>\n\n\n\n<p><strong>EN QUELQUES MOTS<\/strong><\/p>\n\n\n\n<p>L\u2019Institut Fran\u00e7ais de Psychosynth\u00e8se (IFP) est un centre qui a pour but de faire conna\u00eetre et pratiquer la psychosynth\u00e8se en France. Il a \u00e9t\u00e9 cr\u00e9\u00e9 en 1970 par Suzanne Nouvion et Jacqueline-Marie de Chevron Villette, \u00e0 l\u2019invitation du Docteur Roberto Assagioli, fondateur de la discipline.<br>Association loi 1901, l\u2019IFP est repr\u00e9sent\u00e9 par un conseil d\u2019administration et une \u00e9quipe psycho-p\u00e9dagogique qui assure toute l\u2019organisation des activit\u00e9s. Situ\u00e9 \u00e0 Paris, l\u2019IFP est \u00e9galement repr\u00e9sent\u00e9 dans d\u2019autres r\u00e9gions : \u00e0 Saint-Malo ainsi que dans le Sud de la France.<br><\/p>\n\n\n\n<p><strong>CE QUE NOUS PROPOSONS<\/strong><\/p>\n\n\n\n<p>L\u2019Institut propose des formations \u00e0 deux niveaux : personnel et professionnel. Il s\u2019adresse \u00e0 toute personne motiv\u00e9e pour un mieux-\u00eatre, par une meilleure connaissance des composantes de sa personnalit\u00e9 et de son potentiel \u00e9volutif. La formation s\u2019adresse particuli\u00e8rement \u00e0 tous les professionnels qui veulent appliquer la psychosynth\u00e8se dans leurs domaines de comp\u00e9tence : d\u00e9veloppement personnel, th\u00e9rapie, relation d\u2019aide, formation, \u00e9ducation\u2026<br>L\u2019Institut propose \u00e9galement des conf\u00e9rences, ateliers \u00e0 th\u00e8me, ainsi que des activit\u00e9s artistiques.<\/p>\n\n\n\n<h2 class=\"wp-block-heading\">\u00c0 l\u2019origine de l\u2019Institut<\/h2>\n\n\n\n<p>Les noms de Suzanne Nouvion et Jacqueline-Marie de Chevron Villette sont indissociables de l\u2019Institut Fran\u00e7ais de psychosynth\u00e8se. Sensibles \u00e0 la souffrance de trop nombreuses personnes apr\u00e8s guerre atteintes \u00ab du mal d\u2019isolement \u00bb et de ses cons\u00e9quences d\u00e9sastreuses, elle cr\u00e9\u00e8rent \u00e0 Paris en 1958 le premier Centre de lutte contre l\u2019isolement et pour la pr\u00e9vention du suicide. Deux ans plus t\u00f4t, en 1956, elles avaient ouvert l\u2019institut de formation humaine, destin\u00e9 \u00e0 faire se rencontrer des chercheurs en sciences humaines et des chercheurs en sciences de l\u2019\u00e9ducation.<\/p>\n\n\n\n<p>Leurs recherches en moyens et outils psychologiques propres \u00e0 remettre les personnes souffrantes en sant\u00e9 et \u00e9quilibre int\u00e9rieur, les amena \u00e0 rencontrer le Dr Assagioli. Cette rencontre fut suivie d\u2019une longue collaboration et amiti\u00e9, et Roberto Assagioli leur confia la cr\u00e9ation de l\u2019Institut fran\u00e7ais qui vit le jour en 1970.<\/p>\n\n\n\n<p>Leur \u0153uvre fut r\u00e9compens\u00e9e des mains du Pr\u00e9sident Val\u00e9ry Giscard d\u2019Estaing, qui fit Suzanne Nouvion Chevalier de l\u2019Ordre National du m\u00e9rite en 1978.<\/p>\n","protected":false},"excerpt":{"rendered":"<p>Qui sommes-nous ? EN QUELQUES MOTS L\u2019Institut Fran\u00e7ais de Psychosynth\u00e8se (IFP) est un centre qui a pour but de faire conna\u00eetre et pratiquer la psychosynth\u00e8se en France. Il a \u00e9t\u00e9 cr\u00e9\u00e9 en 1970 par Suzanne Nouvion et Jacqueline-Marie de Chevron Villette, \u00e0 l\u2019invitation du Docteur Roberto Assagioli, fondateur de la discipline.Association loi 1901, l\u2019IFP est [&hellip;]<\/p>\n","protected":false},"author":1,"featured_media":0,"parent":1524,"menu_order":1,"comment_status":"closed","ping_status":"closed","template":"","meta":{"_monsterinsights_skip_tracking":false,"_monsterinsights_sitenote_active":false,"_monsterinsights_sitenote_note":"","_monsterinsights_sitenote_category":0,"_uf_show_specific_survey":0,"_uf_disable_surveys":false,"footnotes":""},"class_list":["post-1556","page","type-page","status-publish","czr-hentry"],"yoast_head":"<!-- This site is optimized with the Yoast SEO plugin v24.6 - https:\/\/yoast.com\/wordpress\/plugins\/seo\/ -->\n<title>L&#039;Institut Fran\u00e7ais de Psychosynth\u00e8se - Institut Fran\u00e7ais de Psychosynth\u00e8se<\/title>\n<meta name=\"robots\" content=\"index, follow, max-snippet:-1, max-image-preview:large, max-video-preview:-1\" \/>\n<link rel=\"canonical\" href=\"https:\/\/psychosynthese.fr\/index.php\/qui-sommes-nous\/origines-de-linstitut\/\" \/>\n<meta property=\"og:locale\" content=\"fr_FR\" \/>\n<meta property=\"og:type\" content=\"article\" \/>\n<meta property=\"og:title\" content=\"L&#039;Institut Fran\u00e7ais de Psychosynth\u00e8se - Institut Fran\u00e7ais de Psychosynth\u00e8se\" \/>\n<meta property=\"og:description\" content=\"Qui sommes-nous ? EN QUELQUES MOTS L\u2019Institut Fran\u00e7ais de Psychosynth\u00e8se (IFP) est un centre qui a pour but de faire conna\u00eetre et pratiquer la psychosynth\u00e8se en France. Il a \u00e9t\u00e9 cr\u00e9\u00e9 en 1970 par Suzanne Nouvion et Jacqueline-Marie de Chevron Villette, \u00e0 l\u2019invitation du Docteur Roberto Assagioli, fondateur de la discipline.Association loi 1901, l\u2019IFP est [&hellip;]\" \/>\n<meta property=\"og:url\" content=\"https:\/\/psychosynthese.fr\/index.php\/qui-sommes-nous\/origines-de-linstitut\/\" \/>\n<meta property=\"og:site_name\" content=\"Institut Fran\u00e7ais de Psychosynth\u00e8se\" \/>\n<meta property=\"article:publisher\" content=\"https:\/\/www.facebook.com\/ifp.paris\" \/>\n<meta property=\"article:modified_time\" content=\"2021-07-23T09:42:11+00:00\" \/>\n<meta property=\"og:image\" content=\"https:\/\/psychosynthese.fr\/wp-content\/uploads\/2017\/03\/cropped-banniereifp03172.png\" \/>\n\t<meta property=\"og:image:width\" content=\"799\" \/>\n\t<meta property=\"og:image:height\" content=\"95\" \/>\n\t<meta property=\"og:image:type\" content=\"image\/png\" \/>\n<meta name=\"twitter:card\" content=\"summary_large_image\" \/>\n<meta name=\"twitter:label1\" content=\"Dur\u00e9e de lecture estim\u00e9e\" \/>\n\t<meta name=\"twitter:data1\" content=\"2 minutes\" \/>\n<script type=\"application\/ld+json\" class=\"yoast-schema-graph\">{\"@context\":\"https:\/\/schema.org\",\"@graph\":[{\"@type\":\"WebPage\",\"@id\":\"https:\/\/psychosynthese.fr\/index.php\/qui-sommes-nous\/origines-de-linstitut\/\",\"url\":\"https:\/\/psychosynthese.fr\/index.php\/qui-sommes-nous\/origines-de-linstitut\/\",\"name\":\"L'Institut Fran\u00e7ais de Psychosynth\u00e8se - Institut Fran\u00e7ais de Psychosynth\u00e8se\",\"isPartOf\":{\"@id\":\"https:\/\/psychosynthese.fr\/#website\"},\"datePublished\":\"2021-03-29T13:28:59+00:00\",\"dateModified\":\"2021-07-23T09:42:11+00:00\",\"breadcrumb\":{\"@id\":\"https:\/\/psychosynthese.fr\/index.php\/qui-sommes-nous\/origines-de-linstitut\/#breadcrumb\"},\"inLanguage\":\"fr-FR\",\"potentialAction\":[{\"@type\":\"ReadAction\",\"target\":[\"https:\/\/psychosynthese.fr\/index.php\/qui-sommes-nous\/origines-de-linstitut\/\"]}]},{\"@type\":\"BreadcrumbList\",\"@id\":\"https:\/\/psychosynthese.fr\/index.php\/qui-sommes-nous\/origines-de-linstitut\/#breadcrumb\",\"itemListElement\":[{\"@type\":\"ListItem\",\"position\":1,\"name\":\"Accueil\",\"item\":\"https:\/\/psychosynthese.fr\/\"},{\"@type\":\"ListItem\",\"position\":2,\"name\":\"Qui sommes-nous ?\",\"item\":\"https:\/\/psychosynthese.fr\/index.php\/qui-sommes-nous\/\"},{\"@type\":\"ListItem\",\"position\":3,\"name\":\"L&rsquo;Institut Fran\u00e7ais de Psychosynth\u00e8se\"}]},{\"@type\":\"WebSite\",\"@id\":\"https:\/\/psychosynthese.fr\/#website\",\"url\":\"https:\/\/psychosynthese.fr\/\",\"name\":\"Institut Fran\u00e7ais de Psychosynth\u00e8se\",\"description\":\"Formation en psychosynth\u00e8se\",\"publisher\":{\"@id\":\"https:\/\/psychosynthese.fr\/#organization\"},\"alternateName\":\"IFP\",\"potentialAction\":[{\"@type\":\"SearchAction\",\"target\":{\"@type\":\"EntryPoint\",\"urlTemplate\":\"https:\/\/psychosynthese.fr\/?s={search_term_string}\"},\"query-input\":{\"@type\":\"PropertyValueSpecification\",\"valueRequired\":true,\"valueName\":\"search_term_string\"}}],\"inLanguage\":\"fr-FR\"},{\"@type\":\"Organization\",\"@id\":\"https:\/\/psychosynthese.fr\/#organization\",\"name\":\"Institut Fran\u00e7ais de Psychosynth\u00e8se\",\"url\":\"https:\/\/psychosynthese.fr\/\",\"logo\":{\"@type\":\"ImageObject\",\"inLanguage\":\"fr-FR\",\"@id\":\"https:\/\/psychosynthese.fr\/#\/schema\/logo\/image\/\",\"url\":\"https:\/\/psychosynthese.fr\/wp-content\/uploads\/2017\/03\/cropped-cropped-logo-ifp-155.jpg\",\"contentUrl\":\"https:\/\/psychosynthese.fr\/wp-content\/uploads\/2017\/03\/cropped-cropped-logo-ifp-155.jpg\",\"width\":135,\"height\":135,\"caption\":\"Institut Fran\u00e7ais de Psychosynth\u00e8se\"},\"image\":{\"@id\":\"https:\/\/psychosynthese.fr\/#\/schema\/logo\/image\/\"},\"sameAs\":[\"https:\/\/www.facebook.com\/ifp.paris\",\"https:\/\/www.youtube.com\/channel\/UCKmHyF5IEF9hQ_UI4mmbYgw\"]}]}<\/script>\n<!-- \/ Yoast SEO plugin. -->","yoast_head_json":{"title":"L'Institut Fran\u00e7ais de Psychosynth\u00e8se - Institut Fran\u00e7ais de Psychosynth\u00e8se","robots":{"index":"index","follow":"follow","max-snippet":"max-snippet:-1","max-image-preview":"max-image-preview:large","max-video-preview":"max-video-preview:-1"},"canonical":"https:\/\/psychosynthese.fr\/index.php\/qui-sommes-nous\/origines-de-linstitut\/","og_locale":"fr_FR","og_type":"article","og_title":"L'Institut Fran\u00e7ais de Psychosynth\u00e8se - Institut Fran\u00e7ais de Psychosynth\u00e8se","og_description":"Qui sommes-nous ? EN QUELQUES MOTS L\u2019Institut Fran\u00e7ais de Psychosynth\u00e8se (IFP) est un centre qui a pour but de faire conna\u00eetre et pratiquer la psychosynth\u00e8se en France. Il a \u00e9t\u00e9 cr\u00e9\u00e9 en 1970 par Suzanne Nouvion et Jacqueline-Marie de Chevron Villette, \u00e0 l\u2019invitation du Docteur Roberto Assagioli, fondateur de la discipline.Association loi 1901, l\u2019IFP est [&hellip;]","og_url":"https:\/\/psychosynthese.fr\/index.php\/qui-sommes-nous\/origines-de-linstitut\/","og_site_name":"Institut Fran\u00e7ais de Psychosynth\u00e8se","article_publisher":"https:\/\/www.facebook.com\/ifp.paris","article_modified_time":"2021-07-23T09:42:11+00:00","og_image":[{"width":799,"height":95,"url":"https:\/\/psychosynthese.fr\/wp-content\/uploads\/2017\/03\/cropped-banniereifp03172.png","type":"image\/png"}],"twitter_card":"summary_large_image","twitter_misc":{"Dur\u00e9e de lecture estim\u00e9e":"2 minutes"},"schema":{"@context":"https:\/\/schema.org","@graph":[{"@type":"WebPage","@id":"https:\/\/psychosynthese.fr\/index.php\/qui-sommes-nous\/origines-de-linstitut\/","url":"https:\/\/psychosynthese.fr\/index.php\/qui-sommes-nous\/origines-de-linstitut\/","name":"L'Institut Fran\u00e7ais de Psychosynth\u00e8se - Institut Fran\u00e7ais de Psychosynth\u00e8se","isPartOf":{"@id":"https:\/\/psychosynthese.fr\/#website"},"datePublished":"2021-03-29T13:28:59+00:00","dateModified":"2021-07-23T09:42:11+00:00","breadcrumb":{"@id":"https:\/\/psychosynthese.fr\/index.php\/qui-sommes-nous\/origines-de-linstitut\/#breadcrumb"},"inLanguage":"fr-FR","potentialAction":[{"@type":"ReadAction","target":["https:\/\/psychosynthese.fr\/index.php\/qui-sommes-nous\/origines-de-linstitut\/"]}]},{"@type":"BreadcrumbList","@id":"https:\/\/psychosynthese.fr\/index.php\/qui-sommes-nous\/origines-de-linstitut\/#breadcrumb","itemListElement":[{"@type":"ListItem","position":1,"name":"Accueil","item":"https:\/\/psychosynthese.fr\/"},{"@type":"ListItem","position":2,"name":"Qui sommes-nous ?","item":"https:\/\/psychosynthese.fr\/index.php\/qui-sommes-nous\/"},{"@type":"ListItem","position":3,"name":"L&rsquo;Institut Fran\u00e7ais de Psychosynth\u00e8se"}]},{"@type":"WebSite","@id":"https:\/\/psychosynthese.fr\/#website","url":"https:\/\/psychosynthese.fr\/","name":"Institut Fran\u00e7ais de Psychosynth\u00e8se","description":"Formation en psychosynth\u00e8se","publisher":{"@id":"https:\/\/psychosynthese.fr\/#organization"},"alternateName":"IFP","potentialAction":[{"@type":"SearchAction","target":{"@type":"EntryPoint","urlTemplate":"https:\/\/psychosynthese.fr\/?s={search_term_string}"},"query-input":{"@type":"PropertyValueSpecification","valueRequired":true,"valueName":"search_term_string"}}],"inLanguage":"fr-FR"},{"@type":"Organization","@id":"https:\/\/psychosynthese.fr\/#organization","name":"Institut Fran\u00e7ais de Psychosynth\u00e8se","url":"https:\/\/psychosynthese.fr\/","logo":{"@type":"ImageObject","inLanguage":"fr-FR","@id":"https:\/\/psychosynthese.fr\/#\/schema\/logo\/image\/","url":"https:\/\/psychosynthese.fr\/wp-content\/uploads\/2017\/03\/cropped-cropped-logo-ifp-155.jpg","contentUrl":"https:\/\/psychosynthese.fr\/wp-content\/uploads\/2017\/03\/cropped-cropped-logo-ifp-155.jpg","width":135,"height":135,"caption":"Institut Fran\u00e7ais de Psychosynth\u00e8se"},"image":{"@id":"https:\/\/psychosynthese.fr\/#\/schema\/logo\/image\/"},"sameAs":["https:\/\/www.facebook.com\/ifp.paris","https:\/\/www.youtube.com\/channel\/UCKmHyF5IEF9hQ_UI4mmbYgw"]}]}},"_links":{"self":[{"href":"https:\/\/psychosynthese.fr\/index.php\/wp-json\/wp\/v2\/pages\/1556","targetHints":{"allow":["GET"]}}],"collection":[{"href":"https:\/\/psychosynthese.fr\/index.php\/wp-json\/wp\/v2\/pages"}],"about":[{"href":"https:\/\/psychosynthese.fr\/index.php\/wp-json\/wp\/v2\/types\/page"}],"author":[{"embeddable":true,"href":"https:\/\/psychosynthese.fr\/index.php\/wp-json\/wp\/v2\/users\/1"}],"replies":[{"embeddable":true,"href":"https:\/\/psychosynthese.fr\/index.php\/wp-json\/wp\/v2\/comments?post=1556"}],"version-history":[{"count":4,"href":"https:\/\/psychosynthese.fr\/index.php\/wp-json\/wp\/v2\/pages\/1556\/revisions"}],"predecessor-version":[{"id":2158,"href":"https:\/\/psychosynthese.fr\/index.php\/wp-json\/wp\/v2\/pages\/1556\/revisions\/2158"}],"up":[{"embeddable":true,"href":"https:\/\/psychosynthese.fr\/index.php\/wp-json\/wp\/v2\/pages\/1524"}],"wp:attachment":[{"href":"https:\/\/psychosynthese.fr\/index.php\/wp-json\/wp\/v2\/media?parent=1556"}],"curies":[{"name":"wp","href":"https:\/\/api.w.org\/{rel}","templated":true}]}}