{"id":1563,"date":"2021-03-29T14:56:54","date_gmt":"2021-03-29T13:56:54","guid":{"rendered":"https:\/\/psychosynthese.fr\/?page_id=1563"},"modified":"2024-03-01T18:57:40","modified_gmt":"2024-03-01T17:57:40","slug":"historique-de-la-psychosynthese","status":"publish","type":"page","link":"https:\/\/psychosynthese.fr\/index.php\/la-psychosynthese\/historique-de-la-psychosynthese\/","title":{"rendered":"Historique de la psychosynth\u00e8se"},"content":{"rendered":"<p>Le fondateur de la psychosynth\u00e8se est Roberto Assagioli (1888-1974), psychiatre italien, collaborateur de Freud et Jung. Il a contribu\u00e9 \u00e0 l\u2019introduction et au d\u00e9veloppement de la psychanalyse en Italie, au d\u00e9but du XXe si\u00e8cle, puis a cr\u00e9\u00e9 sa propre conception de l\u2019appareil psychique, tout en int\u00e9grant les apports freudiens ainsi que \u201cl\u2019inconscient collectif\u201d de Jung. Mais en allant au-del\u00e0, par l\u2019introduction, notamment, d\u2019une instance psychique qu\u2019il a appel\u00e9 l\u2019inconscient sup\u00e9rieur.<\/p>\n<p>Le premier Institut est fond\u00e9 \u00e0 Rome en 1926. D\u2019abord \u201cInstitut de culture et de th\u00e9rapie psychique\u201d o\u00f9 se pratique \u201cune nouvelle m\u00e9thode de traitement : la psychosynth\u00e8se\u201d, le lieu devient quelques ann\u00e9es plus tard \u201cInstitut de Psychosynth\u00e8se\u201d. Roberto Assagioli en est le fondateur-directeur.\u00a0C\u2019est dans une conf\u00e9rence donn\u00e9e en 1927 qu\u2019il situe sa m\u00e9thode par rapport aux th\u00e9rapies existantes et en trace les grandes lignes.<\/p>\n<p>Roberto Assagioli d\u00e9finit la psychosynth\u00e8se comme une conception \u00ab int\u00e9grale et dynamique de l\u2019\u00eatre humain\u00bb.<\/p>\n\n\n<h1 class=\"wp-block-heading\">Comprendre la psychosynth\u00e8se<\/h1>\n\n\n\n<p>La psychosynth\u00e8se est un courant psychologique n\u00e9 au XXe si\u00e8cle en Italie.<\/p>\n\n\n\n<h3 class=\"wp-block-heading\">La psychosynth\u00e8se, une d\u00e9finition en quelques mots<\/h3>\n\n\n\n<p>La psychosynth\u00e8se est une approche psychologique globale de la personnalit\u00e9, qui favorise la connaissance de soi, son \u00e9volution et l\u2019expression de son potentiel pour une vie plus \u00e9panouie. C\u2019est une approche th\u00e9rapeutique qui a pour but la r\u00e9solution des conflits internes de la personne, par la reconnaissance et l\u2019harmonisation de tous les diff\u00e9rent aspects de sa personnalit\u00e9.<\/p>\n\n\n\n<h3 class=\"wp-block-heading\">Que peut m&rsquo;apporter la psychosynth\u00e8se ?<\/h3>\n\n\n\n<p>La psychosynth\u00e8se permet de cr\u00e9er des relations plus harmonieuses avec les autres, le monde et avec la vie. Elle aide \u00e0 mieux appr\u00e9hender les situations de la vie quotidienne et r\u00e9gler ses difficult\u00e9s dans diff\u00e9rents domaines : professionnels, personnels, familiaux, sociaux\u2026<\/p>\n\n\n\n<h3 class=\"wp-block-heading\">Est-ce pour moi ?<\/h3>\n\n\n\n<p>La psychosynth\u00e8se s\u2019adresse \u00e0 toute personne soucieuse de mieux g\u00e9rer ses relations aux autres et \u00e0 elle-m\u00eame. Elle permet aussi aux professionnels de sant\u00e9 et de la relation humaine d\u2019acqu\u00e9rir des outils compl\u00e9mentaires utiles \u00e0 leur pratique.<\/p>\n\n\n\n<h3 class=\"wp-block-heading\">Plus de d\u00e9tails ?<\/h3>\n\n\n\n<p>\u00ab\u00a0La psychosynth\u00e8se pr\u00e9suppose l\u2019existence en l\u2019homme d\u2019un centre vital et \u00e9tudie les faits psychiques dans leur relation avec ce centre, seul capable d\u2019y mettre de l\u2019ordre, de r\u00e9v\u00e9ler notre vrai identit\u00e9. L&rsquo;une des notions les plus purement psychosynth\u00e9tiques constitue la dimension transpersonnelle, spirituelle de l&rsquo;homme. Elle &nbsp;inclut son avenir psychique, ses vertus ses talents et ses qualit\u00e9s non encore actualis\u00e9s, le potentiel de l&rsquo;individu, toutes ses facult\u00e9s de haut niveau, les intuitions les plus larges, les inspirations, les impulsions \u00e0 l&rsquo;action altruiste, la cr\u00e9ativit\u00e9, les sentiments \u00e0 caract\u00e8re unitaire et synth\u00e9tique, comme la foi, l&rsquo;amour, l&rsquo;audace et la joie, le sens \u00e9thique, esth\u00e9tique et spirituel, les \u00e9tats d\u2019illumination et d&rsquo;extase, les id\u00e9aux les plus nobles et les facult\u00e9s parapsychologiques sup\u00e9rieures. <\/p>\n\n\n\n<p>Ainsi la psychosynth\u00e8se ne serait pas seulement une m\u00e9thode th\u00e9rapeutique, mais une m\u00e9thode d\u2019\u00e9ducation et de d\u00e9veloppement de la personnalit\u00e9. L\u2019harmonie qu\u2019elle recherche d\u2019abord pour l\u2019individu pourrait s\u2019\u00e9tendre au groupe, aux soci\u00e9t\u00e9s, aux nations et, de cette fa\u00e7on, pr\u00e9parer une humanit\u00e9 plus heureuse.\u00a0\u00bb<\/p>\n\n\n\n<p>(La psychosynth\u00e8se, collection Que sais-je, PUF)<\/p>\n","protected":false},"excerpt":{"rendered":"<p>Le fondateur de la psychosynth\u00e8se est Roberto Assagioli (1888-1974), psychiatre italien, collaborateur de Freud et Jung. Il a contribu\u00e9 \u00e0 l\u2019introduction et au d\u00e9veloppement de la psychanalyse en Italie, au d\u00e9but du XXe si\u00e8cle, puis a cr\u00e9\u00e9 sa propre conception de l\u2019appareil psychique, tout en int\u00e9grant les apports freudiens ainsi que \u201cl\u2019inconscient collectif\u201d de Jung. [&hellip;]<\/p>\n","protected":false},"author":1,"featured_media":0,"parent":1526,"menu_order":1,"comment_status":"closed","ping_status":"closed","template":"","meta":{"_monsterinsights_skip_tracking":false,"_monsterinsights_sitenote_active":false,"_monsterinsights_sitenote_note":"","_monsterinsights_sitenote_category":0,"_uf_show_specific_survey":0,"_uf_disable_surveys":false,"footnotes":""},"class_list":["post-1563","page","type-page","status-publish","czr-hentry"],"yoast_head":"<!-- This site is optimized with the Yoast SEO plugin v24.6 - https:\/\/yoast.com\/wordpress\/plugins\/seo\/ -->\n<title>Historique de la psychosynth\u00e8se - Institut Fran\u00e7ais de Psychosynth\u00e8se<\/title>\n<meta name=\"robots\" content=\"index, follow, max-snippet:-1, max-image-preview:large, max-video-preview:-1\" \/>\n<link rel=\"canonical\" href=\"https:\/\/psychosynthese.fr\/index.php\/la-psychosynthese\/historique-de-la-psychosynthese\/\" \/>\n<meta property=\"og:locale\" content=\"fr_FR\" \/>\n<meta property=\"og:type\" content=\"article\" \/>\n<meta property=\"og:title\" content=\"Historique de la psychosynth\u00e8se - Institut Fran\u00e7ais de Psychosynth\u00e8se\" \/>\n<meta property=\"og:description\" content=\"Le fondateur de la psychosynth\u00e8se est Roberto Assagioli (1888-1974), psychiatre italien, collaborateur de Freud et Jung. Il a contribu\u00e9 \u00e0 l\u2019introduction et au d\u00e9veloppement de la psychanalyse en Italie, au d\u00e9but du XXe si\u00e8cle, puis a cr\u00e9\u00e9 sa propre conception de l\u2019appareil psychique, tout en int\u00e9grant les apports freudiens ainsi que \u201cl\u2019inconscient collectif\u201d de Jung. [&hellip;]\" \/>\n<meta property=\"og:url\" content=\"https:\/\/psychosynthese.fr\/index.php\/la-psychosynthese\/historique-de-la-psychosynthese\/\" \/>\n<meta property=\"og:site_name\" content=\"Institut Fran\u00e7ais de Psychosynth\u00e8se\" \/>\n<meta property=\"article:publisher\" content=\"https:\/\/www.facebook.com\/ifp.paris\" \/>\n<meta property=\"article:modified_time\" content=\"2024-03-01T17:57:40+00:00\" \/>\n<meta property=\"og:image\" content=\"https:\/\/psychosynthese.fr\/wp-content\/uploads\/2017\/03\/cropped-banniereifp03172.png\" \/>\n\t<meta property=\"og:image:width\" content=\"799\" \/>\n\t<meta property=\"og:image:height\" content=\"95\" \/>\n\t<meta property=\"og:image:type\" content=\"image\/png\" \/>\n<meta name=\"twitter:card\" content=\"summary_large_image\" \/>\n<meta name=\"twitter:label1\" content=\"Dur\u00e9e de lecture estim\u00e9e\" \/>\n\t<meta name=\"twitter:data1\" content=\"2 minutes\" \/>\n<script type=\"application\/ld+json\" class=\"yoast-schema-graph\">{\"@context\":\"https:\/\/schema.org\",\"@graph\":[{\"@type\":\"WebPage\",\"@id\":\"https:\/\/psychosynthese.fr\/index.php\/la-psychosynthese\/historique-de-la-psychosynthese\/\",\"url\":\"https:\/\/psychosynthese.fr\/index.php\/la-psychosynthese\/historique-de-la-psychosynthese\/\",\"name\":\"Historique de la psychosynth\u00e8se - Institut Fran\u00e7ais de Psychosynth\u00e8se\",\"isPartOf\":{\"@id\":\"https:\/\/psychosynthese.fr\/#website\"},\"datePublished\":\"2021-03-29T13:56:54+00:00\",\"dateModified\":\"2024-03-01T17:57:40+00:00\",\"breadcrumb\":{\"@id\":\"https:\/\/psychosynthese.fr\/index.php\/la-psychosynthese\/historique-de-la-psychosynthese\/#breadcrumb\"},\"inLanguage\":\"fr-FR\",\"potentialAction\":[{\"@type\":\"ReadAction\",\"target\":[\"https:\/\/psychosynthese.fr\/index.php\/la-psychosynthese\/historique-de-la-psychosynthese\/\"]}]},{\"@type\":\"BreadcrumbList\",\"@id\":\"https:\/\/psychosynthese.fr\/index.php\/la-psychosynthese\/historique-de-la-psychosynthese\/#breadcrumb\",\"itemListElement\":[{\"@type\":\"ListItem\",\"position\":1,\"name\":\"Accueil\",\"item\":\"https:\/\/psychosynthese.fr\/\"},{\"@type\":\"ListItem\",\"position\":2,\"name\":\"La psychosynth\u00e8se\",\"item\":\"https:\/\/psychosynthese.fr\/index.php\/la-psychosynthese\/\"},{\"@type\":\"ListItem\",\"position\":3,\"name\":\"Historique de la psychosynth\u00e8se\"}]},{\"@type\":\"WebSite\",\"@id\":\"https:\/\/psychosynthese.fr\/#website\",\"url\":\"https:\/\/psychosynthese.fr\/\",\"name\":\"Institut Fran\u00e7ais de Psychosynth\u00e8se\",\"description\":\"Formation en psychosynth\u00e8se\",\"publisher\":{\"@id\":\"https:\/\/psychosynthese.fr\/#organization\"},\"alternateName\":\"IFP\",\"potentialAction\":[{\"@type\":\"SearchAction\",\"target\":{\"@type\":\"EntryPoint\",\"urlTemplate\":\"https:\/\/psychosynthese.fr\/?s={search_term_string}\"},\"query-input\":{\"@type\":\"PropertyValueSpecification\",\"valueRequired\":true,\"valueName\":\"search_term_string\"}}],\"inLanguage\":\"fr-FR\"},{\"@type\":\"Organization\",\"@id\":\"https:\/\/psychosynthese.fr\/#organization\",\"name\":\"Institut Fran\u00e7ais de Psychosynth\u00e8se\",\"url\":\"https:\/\/psychosynthese.fr\/\",\"logo\":{\"@type\":\"ImageObject\",\"inLanguage\":\"fr-FR\",\"@id\":\"https:\/\/psychosynthese.fr\/#\/schema\/logo\/image\/\",\"url\":\"https:\/\/psychosynthese.fr\/wp-content\/uploads\/2017\/03\/cropped-cropped-logo-ifp-155.jpg\",\"contentUrl\":\"https:\/\/psychosynthese.fr\/wp-content\/uploads\/2017\/03\/cropped-cropped-logo-ifp-155.jpg\",\"width\":135,\"height\":135,\"caption\":\"Institut Fran\u00e7ais de Psychosynth\u00e8se\"},\"image\":{\"@id\":\"https:\/\/psychosynthese.fr\/#\/schema\/logo\/image\/\"},\"sameAs\":[\"https:\/\/www.facebook.com\/ifp.paris\",\"https:\/\/www.youtube.com\/channel\/UCKmHyF5IEF9hQ_UI4mmbYgw\"]}]}<\/script>\n<!-- \/ Yoast SEO plugin. -->","yoast_head_json":{"title":"Historique de la psychosynth\u00e8se - Institut Fran\u00e7ais de Psychosynth\u00e8se","robots":{"index":"index","follow":"follow","max-snippet":"max-snippet:-1","max-image-preview":"max-image-preview:large","max-video-preview":"max-video-preview:-1"},"canonical":"https:\/\/psychosynthese.fr\/index.php\/la-psychosynthese\/historique-de-la-psychosynthese\/","og_locale":"fr_FR","og_type":"article","og_title":"Historique de la psychosynth\u00e8se - Institut Fran\u00e7ais de Psychosynth\u00e8se","og_description":"Le fondateur de la psychosynth\u00e8se est Roberto Assagioli (1888-1974), psychiatre italien, collaborateur de Freud et Jung. Il a contribu\u00e9 \u00e0 l\u2019introduction et au d\u00e9veloppement de la psychanalyse en Italie, au d\u00e9but du XXe si\u00e8cle, puis a cr\u00e9\u00e9 sa propre conception de l\u2019appareil psychique, tout en int\u00e9grant les apports freudiens ainsi que \u201cl\u2019inconscient collectif\u201d de Jung. [&hellip;]","og_url":"https:\/\/psychosynthese.fr\/index.php\/la-psychosynthese\/historique-de-la-psychosynthese\/","og_site_name":"Institut Fran\u00e7ais de Psychosynth\u00e8se","article_publisher":"https:\/\/www.facebook.com\/ifp.paris","article_modified_time":"2024-03-01T17:57:40+00:00","og_image":[{"width":799,"height":95,"url":"https:\/\/psychosynthese.fr\/wp-content\/uploads\/2017\/03\/cropped-banniereifp03172.png","type":"image\/png"}],"twitter_card":"summary_large_image","twitter_misc":{"Dur\u00e9e de lecture estim\u00e9e":"2 minutes"},"schema":{"@context":"https:\/\/schema.org","@graph":[{"@type":"WebPage","@id":"https:\/\/psychosynthese.fr\/index.php\/la-psychosynthese\/historique-de-la-psychosynthese\/","url":"https:\/\/psychosynthese.fr\/index.php\/la-psychosynthese\/historique-de-la-psychosynthese\/","name":"Historique de la psychosynth\u00e8se - Institut Fran\u00e7ais de Psychosynth\u00e8se","isPartOf":{"@id":"https:\/\/psychosynthese.fr\/#website"},"datePublished":"2021-03-29T13:56:54+00:00","dateModified":"2024-03-01T17:57:40+00:00","breadcrumb":{"@id":"https:\/\/psychosynthese.fr\/index.php\/la-psychosynthese\/historique-de-la-psychosynthese\/#breadcrumb"},"inLanguage":"fr-FR","potentialAction":[{"@type":"ReadAction","target":["https:\/\/psychosynthese.fr\/index.php\/la-psychosynthese\/historique-de-la-psychosynthese\/"]}]},{"@type":"BreadcrumbList","@id":"https:\/\/psychosynthese.fr\/index.php\/la-psychosynthese\/historique-de-la-psychosynthese\/#breadcrumb","itemListElement":[{"@type":"ListItem","position":1,"name":"Accueil","item":"https:\/\/psychosynthese.fr\/"},{"@type":"ListItem","position":2,"name":"La psychosynth\u00e8se","item":"https:\/\/psychosynthese.fr\/index.php\/la-psychosynthese\/"},{"@type":"ListItem","position":3,"name":"Historique de la psychosynth\u00e8se"}]},{"@type":"WebSite","@id":"https:\/\/psychosynthese.fr\/#website","url":"https:\/\/psychosynthese.fr\/","name":"Institut Fran\u00e7ais de Psychosynth\u00e8se","description":"Formation en psychosynth\u00e8se","publisher":{"@id":"https:\/\/psychosynthese.fr\/#organization"},"alternateName":"IFP","potentialAction":[{"@type":"SearchAction","target":{"@type":"EntryPoint","urlTemplate":"https:\/\/psychosynthese.fr\/?s={search_term_string}"},"query-input":{"@type":"PropertyValueSpecification","valueRequired":true,"valueName":"search_term_string"}}],"inLanguage":"fr-FR"},{"@type":"Organization","@id":"https:\/\/psychosynthese.fr\/#organization","name":"Institut Fran\u00e7ais de Psychosynth\u00e8se","url":"https:\/\/psychosynthese.fr\/","logo":{"@type":"ImageObject","inLanguage":"fr-FR","@id":"https:\/\/psychosynthese.fr\/#\/schema\/logo\/image\/","url":"https:\/\/psychosynthese.fr\/wp-content\/uploads\/2017\/03\/cropped-cropped-logo-ifp-155.jpg","contentUrl":"https:\/\/psychosynthese.fr\/wp-content\/uploads\/2017\/03\/cropped-cropped-logo-ifp-155.jpg","width":135,"height":135,"caption":"Institut Fran\u00e7ais de Psychosynth\u00e8se"},"image":{"@id":"https:\/\/psychosynthese.fr\/#\/schema\/logo\/image\/"},"sameAs":["https:\/\/www.facebook.com\/ifp.paris","https:\/\/www.youtube.com\/channel\/UCKmHyF5IEF9hQ_UI4mmbYgw"]}]}},"_links":{"self":[{"href":"https:\/\/psychosynthese.fr\/index.php\/wp-json\/wp\/v2\/pages\/1563","targetHints":{"allow":["GET"]}}],"collection":[{"href":"https:\/\/psychosynthese.fr\/index.php\/wp-json\/wp\/v2\/pages"}],"about":[{"href":"https:\/\/psychosynthese.fr\/index.php\/wp-json\/wp\/v2\/types\/page"}],"author":[{"embeddable":true,"href":"https:\/\/psychosynthese.fr\/index.php\/wp-json\/wp\/v2\/users\/1"}],"replies":[{"embeddable":true,"href":"https:\/\/psychosynthese.fr\/index.php\/wp-json\/wp\/v2\/comments?post=1563"}],"version-history":[{"count":4,"href":"https:\/\/psychosynthese.fr\/index.php\/wp-json\/wp\/v2\/pages\/1563\/revisions"}],"predecessor-version":[{"id":3497,"href":"https:\/\/psychosynthese.fr\/index.php\/wp-json\/wp\/v2\/pages\/1563\/revisions\/3497"}],"up":[{"embeddable":true,"href":"https:\/\/psychosynthese.fr\/index.php\/wp-json\/wp\/v2\/pages\/1526"}],"wp:attachment":[{"href":"https:\/\/psychosynthese.fr\/index.php\/wp-json\/wp\/v2\/media?parent=1563"}],"curies":[{"name":"wp","href":"https:\/\/api.w.org\/{rel}","templated":true}]}}