{"id":1583,"date":"2023-12-09T15:51:01","date_gmt":"2023-12-09T14:51:01","guid":{"rendered":"https:\/\/psychosynthese.fr\/?page_id=1583"},"modified":"2024-03-21T17:58:10","modified_gmt":"2024-03-21T16:58:10","slug":"formation-distance-psychosynthese","status":"publish","type":"page","link":"https:\/\/psychosynthese.fr\/index.php\/formation-psychosynthese-distance-presentiel\/formation-distance-psychosynthese\/","title":{"rendered":"Formation \u00e0 distance en psychosynth\u00e8se"},"content":{"rendered":"","protected":false},"excerpt":{"rendered":"","protected":false},"author":1,"featured_media":0,"parent":1528,"menu_order":4,"comment_status":"closed","ping_status":"closed","template":"","meta":{"_monsterinsights_skip_tracking":false,"_monsterinsights_sitenote_active":false,"_monsterinsights_sitenote_note":"","_monsterinsights_sitenote_category":0,"_uf_show_specific_survey":0,"_uf_disable_surveys":false,"footnotes":""},"class_list":["post-1583","page","type-page","status-publish","czr-hentry"],"yoast_head":"<!-- This site is optimized with the Yoast SEO plugin v24.6 - https:\/\/yoast.com\/wordpress\/plugins\/seo\/ -->\n<title>Formation \u00e0 distance en psychosynth\u00e8se - Institut Fran\u00e7ais de Psychosynth\u00e8se<\/title>\n<meta name=\"description\" content=\"La formation \u00e0 distance permet \u00e0 ceux et celles qui ne peuvent pas se d\u00e9placer de b\u00e9n\u00e9ficier de l&#039;enseignement en psychosynth\u00e8se en modules.\" \/>\n<meta name=\"robots\" content=\"index, follow, max-snippet:-1, max-image-preview:large, max-video-preview:-1\" \/>\n<link rel=\"canonical\" href=\"https:\/\/psychosynthese.fr\/index.php\/formation-psychosynthese-distance-presentiel\/formation-distance-psychosynthese\/\" \/>\n<meta property=\"og:locale\" content=\"fr_FR\" \/>\n<meta property=\"og:type\" content=\"article\" \/>\n<meta property=\"og:title\" content=\"Formation \u00e0 distance en psychosynth\u00e8se - Institut Fran\u00e7ais de Psychosynth\u00e8se\" \/>\n<meta property=\"og:description\" content=\"La formation \u00e0 distance permet \u00e0 ceux et celles qui ne peuvent pas se d\u00e9placer de b\u00e9n\u00e9ficier de l&#039;enseignement en psychosynth\u00e8se en modules.\" \/>\n<meta property=\"og:url\" content=\"https:\/\/psychosynthese.fr\/index.php\/formation-psychosynthese-distance-presentiel\/formation-distance-psychosynthese\/\" \/>\n<meta property=\"og:site_name\" content=\"Institut Fran\u00e7ais de Psychosynth\u00e8se\" \/>\n<meta property=\"article:publisher\" content=\"https:\/\/www.facebook.com\/ifp.paris\" \/>\n<meta property=\"article:modified_time\" content=\"2024-03-21T16:58:10+00:00\" \/>\n<meta property=\"og:image\" content=\"https:\/\/psychosynthese.fr\/wp-content\/uploads\/2017\/03\/cropped-banniereifp03172.png\" \/>\n\t<meta property=\"og:image:width\" content=\"799\" \/>\n\t<meta property=\"og:image:height\" content=\"95\" \/>\n\t<meta property=\"og:image:type\" content=\"image\/png\" \/>\n<meta name=\"twitter:card\" content=\"summary_large_image\" \/>\n<script type=\"application\/ld+json\" class=\"yoast-schema-graph\">{\"@context\":\"https:\/\/schema.org\",\"@graph\":[{\"@type\":\"WebPage\",\"@id\":\"https:\/\/psychosynthese.fr\/index.php\/formation-psychosynthese-distance-presentiel\/formation-distance-psychosynthese\/\",\"url\":\"https:\/\/psychosynthese.fr\/index.php\/formation-psychosynthese-distance-presentiel\/formation-distance-psychosynthese\/\",\"name\":\"Formation \u00e0 distance en psychosynth\u00e8se - Institut Fran\u00e7ais de Psychosynth\u00e8se\",\"isPartOf\":{\"@id\":\"https:\/\/psychosynthese.fr\/#website\"},\"datePublished\":\"2023-12-09T14:51:01+00:00\",\"dateModified\":\"2024-03-21T16:58:10+00:00\",\"description\":\"La formation \u00e0 distance permet \u00e0 ceux et celles qui ne peuvent pas se d\u00e9placer de b\u00e9n\u00e9ficier de l'enseignement en psychosynth\u00e8se en modules.\",\"breadcrumb\":{\"@id\":\"https:\/\/psychosynthese.fr\/index.php\/formation-psychosynthese-distance-presentiel\/formation-distance-psychosynthese\/#breadcrumb\"},\"inLanguage\":\"fr-FR\",\"potentialAction\":[{\"@type\":\"ReadAction\",\"target\":[\"https:\/\/psychosynthese.fr\/index.php\/formation-psychosynthese-distance-presentiel\/formation-distance-psychosynthese\/\"]}]},{\"@type\":\"BreadcrumbList\",\"@id\":\"https:\/\/psychosynthese.fr\/index.php\/formation-psychosynthese-distance-presentiel\/formation-distance-psychosynthese\/#breadcrumb\",\"itemListElement\":[{\"@type\":\"ListItem\",\"position\":1,\"name\":\"Accueil\",\"item\":\"https:\/\/psychosynthese.fr\/\"},{\"@type\":\"ListItem\",\"position\":2,\"name\":\"Formations\",\"item\":\"https:\/\/psychosynthese.fr\/index.php\/formation-psychosynthese-distance-presentiel\/\"},{\"@type\":\"ListItem\",\"position\":3,\"name\":\"Formation \u00e0 distance en psychosynth\u00e8se\"}]},{\"@type\":\"WebSite\",\"@id\":\"https:\/\/psychosynthese.fr\/#website\",\"url\":\"https:\/\/psychosynthese.fr\/\",\"name\":\"Institut Fran\u00e7ais de Psychosynth\u00e8se\",\"description\":\"Formation en psychosynth\u00e8se\",\"publisher\":{\"@id\":\"https:\/\/psychosynthese.fr\/#organization\"},\"alternateName\":\"IFP\",\"potentialAction\":[{\"@type\":\"SearchAction\",\"target\":{\"@type\":\"EntryPoint\",\"urlTemplate\":\"https:\/\/psychosynthese.fr\/?s={search_term_string}\"},\"query-input\":{\"@type\":\"PropertyValueSpecification\",\"valueRequired\":true,\"valueName\":\"search_term_string\"}}],\"inLanguage\":\"fr-FR\"},{\"@type\":\"Organization\",\"@id\":\"https:\/\/psychosynthese.fr\/#organization\",\"name\":\"Institut Fran\u00e7ais de Psychosynth\u00e8se\",\"url\":\"https:\/\/psychosynthese.fr\/\",\"logo\":{\"@type\":\"ImageObject\",\"inLanguage\":\"fr-FR\",\"@id\":\"https:\/\/psychosynthese.fr\/#\/schema\/logo\/image\/\",\"url\":\"https:\/\/psychosynthese.fr\/wp-content\/uploads\/2017\/03\/cropped-cropped-logo-ifp-155.jpg\",\"contentUrl\":\"https:\/\/psychosynthese.fr\/wp-content\/uploads\/2017\/03\/cropped-cropped-logo-ifp-155.jpg\",\"width\":135,\"height\":135,\"caption\":\"Institut Fran\u00e7ais de Psychosynth\u00e8se\"},\"image\":{\"@id\":\"https:\/\/psychosynthese.fr\/#\/schema\/logo\/image\/\"},\"sameAs\":[\"https:\/\/www.facebook.com\/ifp.paris\",\"https:\/\/www.youtube.com\/channel\/UCKmHyF5IEF9hQ_UI4mmbYgw\"]}]}<\/script>\n<!-- \/ Yoast SEO plugin. -->","yoast_head_json":{"title":"Formation \u00e0 distance en psychosynth\u00e8se - Institut Fran\u00e7ais de Psychosynth\u00e8se","description":"La formation \u00e0 distance permet \u00e0 ceux et celles qui ne peuvent pas se d\u00e9placer de b\u00e9n\u00e9ficier de l'enseignement en psychosynth\u00e8se en modules.","robots":{"index":"index","follow":"follow","max-snippet":"max-snippet:-1","max-image-preview":"max-image-preview:large","max-video-preview":"max-video-preview:-1"},"canonical":"https:\/\/psychosynthese.fr\/index.php\/formation-psychosynthese-distance-presentiel\/formation-distance-psychosynthese\/","og_locale":"fr_FR","og_type":"article","og_title":"Formation \u00e0 distance en psychosynth\u00e8se - Institut Fran\u00e7ais de Psychosynth\u00e8se","og_description":"La formation \u00e0 distance permet \u00e0 ceux et celles qui ne peuvent pas se d\u00e9placer de b\u00e9n\u00e9ficier de l'enseignement en psychosynth\u00e8se en modules.","og_url":"https:\/\/psychosynthese.fr\/index.php\/formation-psychosynthese-distance-presentiel\/formation-distance-psychosynthese\/","og_site_name":"Institut Fran\u00e7ais de Psychosynth\u00e8se","article_publisher":"https:\/\/www.facebook.com\/ifp.paris","article_modified_time":"2024-03-21T16:58:10+00:00","og_image":[{"width":799,"height":95,"url":"https:\/\/psychosynthese.fr\/wp-content\/uploads\/2017\/03\/cropped-banniereifp03172.png","type":"image\/png"}],"twitter_card":"summary_large_image","schema":{"@context":"https:\/\/schema.org","@graph":[{"@type":"WebPage","@id":"https:\/\/psychosynthese.fr\/index.php\/formation-psychosynthese-distance-presentiel\/formation-distance-psychosynthese\/","url":"https:\/\/psychosynthese.fr\/index.php\/formation-psychosynthese-distance-presentiel\/formation-distance-psychosynthese\/","name":"Formation \u00e0 distance en psychosynth\u00e8se - Institut Fran\u00e7ais de Psychosynth\u00e8se","isPartOf":{"@id":"https:\/\/psychosynthese.fr\/#website"},"datePublished":"2023-12-09T14:51:01+00:00","dateModified":"2024-03-21T16:58:10+00:00","description":"La formation \u00e0 distance permet \u00e0 ceux et celles qui ne peuvent pas se d\u00e9placer de b\u00e9n\u00e9ficier de l'enseignement en psychosynth\u00e8se en modules.","breadcrumb":{"@id":"https:\/\/psychosynthese.fr\/index.php\/formation-psychosynthese-distance-presentiel\/formation-distance-psychosynthese\/#breadcrumb"},"inLanguage":"fr-FR","potentialAction":[{"@type":"ReadAction","target":["https:\/\/psychosynthese.fr\/index.php\/formation-psychosynthese-distance-presentiel\/formation-distance-psychosynthese\/"]}]},{"@type":"BreadcrumbList","@id":"https:\/\/psychosynthese.fr\/index.php\/formation-psychosynthese-distance-presentiel\/formation-distance-psychosynthese\/#breadcrumb","itemListElement":[{"@type":"ListItem","position":1,"name":"Accueil","item":"https:\/\/psychosynthese.fr\/"},{"@type":"ListItem","position":2,"name":"Formations","item":"https:\/\/psychosynthese.fr\/index.php\/formation-psychosynthese-distance-presentiel\/"},{"@type":"ListItem","position":3,"name":"Formation \u00e0 distance en psychosynth\u00e8se"}]},{"@type":"WebSite","@id":"https:\/\/psychosynthese.fr\/#website","url":"https:\/\/psychosynthese.fr\/","name":"Institut Fran\u00e7ais de Psychosynth\u00e8se","description":"Formation en psychosynth\u00e8se","publisher":{"@id":"https:\/\/psychosynthese.fr\/#organization"},"alternateName":"IFP","potentialAction":[{"@type":"SearchAction","target":{"@type":"EntryPoint","urlTemplate":"https:\/\/psychosynthese.fr\/?s={search_term_string}"},"query-input":{"@type":"PropertyValueSpecification","valueRequired":true,"valueName":"search_term_string"}}],"inLanguage":"fr-FR"},{"@type":"Organization","@id":"https:\/\/psychosynthese.fr\/#organization","name":"Institut Fran\u00e7ais de Psychosynth\u00e8se","url":"https:\/\/psychosynthese.fr\/","logo":{"@type":"ImageObject","inLanguage":"fr-FR","@id":"https:\/\/psychosynthese.fr\/#\/schema\/logo\/image\/","url":"https:\/\/psychosynthese.fr\/wp-content\/uploads\/2017\/03\/cropped-cropped-logo-ifp-155.jpg","contentUrl":"https:\/\/psychosynthese.fr\/wp-content\/uploads\/2017\/03\/cropped-cropped-logo-ifp-155.jpg","width":135,"height":135,"caption":"Institut Fran\u00e7ais de Psychosynth\u00e8se"},"image":{"@id":"https:\/\/psychosynthese.fr\/#\/schema\/logo\/image\/"},"sameAs":["https:\/\/www.facebook.com\/ifp.paris","https:\/\/www.youtube.com\/channel\/UCKmHyF5IEF9hQ_UI4mmbYgw"]}]}},"_links":{"self":[{"href":"https:\/\/psychosynthese.fr\/index.php\/wp-json\/wp\/v2\/pages\/1583","targetHints":{"allow":["GET"]}}],"collection":[{"href":"https:\/\/psychosynthese.fr\/index.php\/wp-json\/wp\/v2\/pages"}],"about":[{"href":"https:\/\/psychosynthese.fr\/index.php\/wp-json\/wp\/v2\/types\/page"}],"author":[{"embeddable":true,"href":"https:\/\/psychosynthese.fr\/index.php\/wp-json\/wp\/v2\/users\/1"}],"replies":[{"embeddable":true,"href":"https:\/\/psychosynthese.fr\/index.php\/wp-json\/wp\/v2\/comments?post=1583"}],"version-history":[{"count":6,"href":"https:\/\/psychosynthese.fr\/index.php\/wp-json\/wp\/v2\/pages\/1583\/revisions"}],"predecessor-version":[{"id":3555,"href":"https:\/\/psychosynthese.fr\/index.php\/wp-json\/wp\/v2\/pages\/1583\/revisions\/3555"}],"up":[{"embeddable":true,"href":"https:\/\/psychosynthese.fr\/index.php\/wp-json\/wp\/v2\/pages\/1528"}],"wp:attachment":[{"href":"https:\/\/psychosynthese.fr\/index.php\/wp-json\/wp\/v2\/media?parent=1583"}],"curies":[{"name":"wp","href":"https:\/\/api.w.org\/{rel}","templated":true}]}}